{"id":989,"date":"2022-02-22T10:20:07","date_gmt":"2022-02-22T10:20:07","guid":{"rendered":"http:\/\/localhost\/finanix\/?page_id=989"},"modified":"2025-04-04T13:41:50","modified_gmt":"2025-04-04T11:41:50","slug":"strategies","status":"publish","type":"page","link":"https:\/\/www.algo-partners.com\/en\/strategies\/","title":{"rendered":"Our Services"},"content":{"rendered":"<div data-elementor-type=\"wp-page\" data-elementor-id=\"989\" class=\"elementor elementor-989\">\n\t\t\t\t\t\t\t\t\t<section class=\"elementor-section elementor-top-section elementor-element elementor-element-7dd9f6e1 elementor-section-boxed elementor-section-height-default elementor-section-height-default\" data-id=\"7dd9f6e1\" data-element_type=\"section\">\n\t\t\t\t\t\t<div class=\"elementor-container elementor-column-gap-default\">\n\t\t\t\t\t<div class=\"elementor-column elementor-col-66 elementor-top-column elementor-element elementor-element-206c9cd6\" data-id=\"206c9cd6\" data-element_type=\"column\">\n\t\t\t<div class=\"elementor-widget-wrap elementor-element-populated\">\n\t\t\t\t\t\t\t\t<div class=\"elementor-element elementor-element-907293e elementor-widget elementor-widget-text-editor\" data-id=\"907293e\" data-element_type=\"widget\" data-widget_type=\"text-editor.default\">\n\t\t\t\t<div class=\"elementor-widget-container\">\n\t\t\t<style>\/*! elementor - v3.10.0 - 09-01-2023 *\/\n.elementor-widget-text-editor.elementor-drop-cap-view-stacked .elementor-drop-cap{background-color:#818a91;color:#fff}.elementor-widget-text-editor.elementor-drop-cap-view-framed .elementor-drop-cap{color:#818a91;border:3px solid;background-color:transparent}.elementor-widget-text-editor:not(.elementor-drop-cap-view-default) .elementor-drop-cap{margin-top:8px}.elementor-widget-text-editor:not(.elementor-drop-cap-view-default) .elementor-drop-cap-letter{width:1em;height:1em}.elementor-widget-text-editor .elementor-drop-cap{float:left;text-align:center;line-height:1;font-size:50px}.elementor-widget-text-editor .elementor-drop-cap-letter{display:inline-block}<\/style>\t\t\t\t\t\t\t\t\t\t<\/div>\n\t\t\t\t<\/div>\n\t\t\t\t<div class=\"elementor-element elementor-element-4e1189a7 elementor-widget elementor-widget-testimonial\" data-id=\"4e1189a7\" data-element_type=\"widget\" data-widget_type=\"testimonial.default\">\n\t\t\t\t<div class=\"elementor-widget-container\">\n\t\t\t<style>\/*! elementor - v3.10.0 - 09-01-2023 *\/\n.elementor-testimonial-wrapper{overflow:hidden;text-align:center}.elementor-testimonial-wrapper .elementor-testimonial-content{font-size:1.3em;margin-bottom:20px}.elementor-testimonial-wrapper .elementor-testimonial-name{line-height:1.5;display:block}.elementor-testimonial-wrapper .elementor-testimonial-job{font-size:.85em;display:block}.elementor-testimonial-wrapper .elementor-testimonial-meta{width:100%;line-height:1}.elementor-testimonial-wrapper .elementor-testimonial-meta-inner{display:inline-block}.elementor-testimonial-wrapper .elementor-testimonial-meta .elementor-testimonial-details,.elementor-testimonial-wrapper .elementor-testimonial-meta .elementor-testimonial-image{display:table-cell;vertical-align:middle}.elementor-testimonial-wrapper .elementor-testimonial-meta .elementor-testimonial-image img{width:60px;height:60px;border-radius:50%;-o-object-fit:cover;object-fit:cover;max-width:none}.elementor-testimonial-wrapper .elementor-testimonial-meta.elementor-testimonial-image-position-aside .elementor-testimonial-image{padding-right:15px}.elementor-testimonial-wrapper .elementor-testimonial-meta.elementor-testimonial-image-position-aside .elementor-testimonial-details{text-align:left}.elementor-testimonial-wrapper .elementor-testimonial-meta.elementor-testimonial-image-position-top .elementor-testimonial-details,.elementor-testimonial-wrapper .elementor-testimonial-meta.elementor-testimonial-image-position-top .elementor-testimonial-image{display:block}.elementor-testimonial-wrapper .elementor-testimonial-meta.elementor-testimonial-image-position-top .elementor-testimonial-image{margin-bottom:20px}<\/style>\t\t<div class=\"elementor-testimonial-wrapper\">\n\t\t\t\t\t\t\t<div class=\"elementor-testimonial-content\">Whoever asks questions must agree to receive answers<\/div>\n\t\t\t\n\t\t\t\t\t\t<div class=\"elementor-testimonial-meta\">\n\t\t\t\t<div class=\"elementor-testimonial-meta-inner\">\n\t\t\t\t\t\n\t\t\t\t\t\t\t\t\t\t<div class=\"elementor-testimonial-details\">\n\t\t\t\t\t\t\t\t\t\t\t\t\t\t<div class=\"elementor-testimonial-name\">Cameroonian proverb<\/div>\n\t\t\t\t\t\t\t\t\t\t\t\t\t\t\t\t\t\t\t<\/div>\n\t\t\t\t\t\t\t\t\t<\/div>\n\t\t\t<\/div>\n\t\t\t\t\t<\/div>\n\t\t\t\t<\/div>\n\t\t\t\t<\/div>\n\t\t\t\t<div class=\"elementor-element elementor-element-3814ae98 elementor-widget elementor-widget-react-heading\" data-id=\"3814ae98\" data-element_type=\"widget\" data-widget_type=\"react-heading.default\">\n\t\t\t\t<div class=\"elementor-widget-container\">\n\t\t\t        <div class=\"react-heading default\">\r\n        \t<div class=\"title-inner\">        \t\t      \t\t\r\n\t            \t        <\/div>\r\n\t                    \t<div class=\"description\">\r\n            \t\t<p><span style=\"text-decoration: underline\"><strong>Our network:<\/strong><\/span><br \/>- Plus de <strong>120 agences de voyages<\/strong> and <strong>conciergerie<\/strong> en contact sur la Cote d'Ivoire, le S\u00e9n\u00e9gal, le Nig\u00e9ria, le Congo, la RDC, le Cameroun<br \/>- La plupart des responsables des <strong>compagnies a\u00e9riennes<\/strong> pr\u00e9sentes en Cote d'Ivoire, au S\u00e9n\u00e9gal, au Congo, en RDC, au Niger, au Cameroun<br \/>- Plusieurs responsables d'affaires g\u00e9n\u00e9rales parmi les principales <strong>corporates<\/strong> ou <strong>multinationales<\/strong>.<br \/>- Les <strong>m\u00e9dias<\/strong>: journaux,\u00a0 influenceurs, t\u00e9l\u00e9visions, maisons de productions et r\u00e9alisateurs<\/p><p><strong><span style=\"text-decoration: underline\">Nos domaines de comp\u00e9tences<\/span><\/strong>:<br \/><strong>TOURISM<\/strong>: <br \/>- Mise en relation entre agences de voyages \/ TO \u00e9metteurs et r\u00e9ceptifs sur nos zones de prospection.<br \/>- Networking and negotiations with activities and leisure providers in the targeted countries.<br \/><strong>SHOPPING<\/strong>:\u00a0<br \/>\u00a0- Les boutiques et grands magasins qui souhaitent trouver une nouvelle client\u00e8le niche, via les agences de voyage et en direct via les clubs priv\u00e9s, institutionnels, entreprises...<br \/><strong>MOBILITY<\/strong>:\u00a0<br \/>- Les compagnies a\u00e9riennes internationales, les soci\u00e9t\u00e9s de locations de v\u00e9hicules et de transfert qui souhaitent une expertise pays pour augmenter leurs parts de march\u00e9s.<br \/><strong>HOTEL INDUSTRY:<br \/><\/strong>- Les h\u00f4tels qui cherchent des contacts directs avec les agences de voyages et OTA des zones \u00e9mettrices.<br \/>- Contracting pour les Tours Op\u00e9rateurs et OTA avec les grands \u00e9tablissements h\u00f4teliers.<strong><br \/><\/strong><\/p><p><strong><span style=\"text-decoration: underline\">Our strength:<\/span><\/strong><br \/>- We are present in targeted markets, which allows you to increase your credibility<br \/>-\u00a0 Nous vous fournissons des rapports d\u00e9taill\u00e9s de nos actions sur les march\u00e9s.<br \/>\u2013 We are constantly on the lookout for new business opportunities.<br \/>- We build local partnerships for you and build relationships with potential customers<br \/>\u2013 We facilitate the collection of market intelligence, understanding of regulations and business practices, to effectively guide your business activities and strategies<\/p><p><strong>You want to come to the markets:<\/strong><br \/>- We organize your sales calls<br \/>- We set up your workshop and press conference<\/p><p><span style=\"text-decoration: underline\"><strong>Terms<\/strong><\/span><strong>: <\/strong><strong>ALGO &amp; Partners<\/strong>\u00a0offers you <span style=\"text-decoration: underline\"><strong>Lump sum missions <\/strong><\/span>renouvelables selon l'objectif fix\u00e9. Pour des demandes compl\u00e9mentaires hors programme, nous verrons ensemble les modalit\u00e9s de r\u00e9alisation.<\/p>            \t\t\r\n            \t<\/div>\r\n        \t        <\/div>\r\n        \t\t<\/div>\n\t\t\t\t<\/div>\n\t\t\t\t<div class=\"elementor-element elementor-element-6706ac9e elementor-widget elementor-widget-text-editor\" data-id=\"6706ac9e\" data-element_type=\"widget\" data-widget_type=\"text-editor.default\">\n\t\t\t\t<div class=\"elementor-widget-container\">\n\t\t\t\t\t\t\t\t\t\t\t\t\t<\/div>\n\t\t\t\t<\/div>\n\t\t\t\t\t<\/div>\n\t\t<\/div>\n\t\t\t\t<div class=\"elementor-column elementor-col-33 elementor-top-column elementor-element elementor-element-4df3a605\" data-id=\"4df3a605\" data-element_type=\"column\">\n\t\t\t<div class=\"elementor-widget-wrap elementor-element-populated\">\n\t\t\t\t\t\t\t\t<section class=\"elementor-section elementor-inner-section elementor-element elementor-element-395d6952 elementor-section-boxed elementor-section-height-default elementor-section-height-default\" data-id=\"395d6952\" data-element_type=\"section\">\n\t\t\t\t\t\t<div class=\"elementor-container elementor-column-gap-default\">\n\t\t\t\t\t<div class=\"elementor-column elementor-col-100 elementor-inner-column elementor-element elementor-element-4fa77900\" data-id=\"4fa77900\" data-element_type=\"column\">\n\t\t\t<div class=\"elementor-widget-wrap elementor-element-populated\">\n\t\t\t\t\t\t\t\t<div class=\"elementor-element elementor-element-794d17fe elementor-widget elementor-widget-react-heading\" data-id=\"794d17fe\" data-element_type=\"widget\" data-widget_type=\"react-heading.default\">\n\t\t\t\t<div class=\"elementor-widget-container\">\n\t\t\t        <div class=\"react-heading style2\">\r\n        \t<div class=\"title-inner\">        \t\t      \t\t\r\n\t            <span class=\"sub-text\">Contact us<\/span><h4 class=\"title\"><span class=\"watermark\"><\/span>Write to us<\/h4>\t        <\/div>\r\n\t                <\/div>\r\n        \t\t<\/div>\n\t\t\t\t<\/div>\n\t\t\t\t<div class=\"elementor-element elementor-element-66a6d9b elementor-widget elementor-widget-rt-cf7\" data-id=\"66a6d9b\" data-element_type=\"widget\" data-widget_type=\"rt-cf7.default\">\n\t\t\t\t<div class=\"elementor-widget-container\">\n\t\t\t<div class=\"form_btn_\">\n<div class=\"wpcf7 no-js\" id=\"wpcf7-f3092-o1\" lang=\"en-US\" dir=\"ltr\" data-wpcf7-id=\"3092\">\n<div class=\"screen-reader-response\"><p role=\"status\" aria-live=\"polite\" aria-atomic=\"true\"><\/p> <ul><\/ul><\/div>\n<form action=\"\/en\/wp-json\/wp\/v2\/pages\/989#wpcf7-f3092-o1\" method=\"post\" class=\"wpcf7-form init\" aria-label=\"Contact form\" novalidate=\"novalidate\" data-status=\"init\" data-trp-original-action=\"\/en\/wp-json\/wp\/v2\/pages\/989#wpcf7-f3092-o1\">\n<div style=\"display: none;\">\n<input type=\"hidden\" name=\"_wpcf7\" value=\"3092\" \/>\n<input type=\"hidden\" name=\"_wpcf7_version\" value=\"6.0.2\" \/>\n<input type=\"hidden\" name=\"_wpcf7_locale\" value=\"en_US\" \/>\n<input type=\"hidden\" name=\"_wpcf7_unit_tag\" value=\"wpcf7-f3092-o1\" \/>\n<input type=\"hidden\" name=\"_wpcf7_container_post\" value=\"0\" \/>\n<input type=\"hidden\" name=\"_wpcf7_posted_data_hash\" value=\"\" \/>\n<\/div>\n<div class=\"row contact-form\">\n\t<div class=\"col-lg-12 col-md-12\">\n\t\t<div class=\"input-box\">\n\t\t\t<p><span class=\"wpcf7-form-control-wrap\" data-name=\"your-name\"><input size=\"40\" maxlength=\"400\" class=\"wpcf7-form-control wpcf7-text wpcf7-validates-as-required\" aria-required=\"true\" aria-invalid=\"false\" placeholder=\"Nom Complet\" value=\"\" type=\"text\" name=\"your-name\" \/><\/span>\n\t\t\t<\/p>\n\t\t<\/div>\n\t<\/div>\n\t<div class=\"col-lg-12 col-md-12\">\n\t\t<div class=\"input-box mail\">\n\t\t\t<p><span class=\"wpcf7-form-control-wrap\" data-name=\"your-email\"><input size=\"40\" maxlength=\"400\" class=\"wpcf7-form-control wpcf7-email wpcf7-validates-as-required wpcf7-text wpcf7-validates-as-email\" aria-required=\"true\" aria-invalid=\"false\" placeholder=\"Email\" value=\"\" type=\"email\" name=\"your-email\" \/><\/span>\n\t\t\t<\/p>\n\t\t<\/div>\n\t<\/div>\n\t<div class=\"col-lg-12 col-md-12\">\n\t\t<div class=\"input-box subject\">\n\t\t\t<p><span class=\"wpcf7-form-control-wrap\" data-name=\"your-subject\"><input size=\"40\" maxlength=\"400\" class=\"wpcf7-form-control wpcf7-text wpcf7-validates-as-required\" aria-required=\"true\" aria-invalid=\"false\" placeholder=\"Subject\" value=\"\" type=\"text\" name=\"your-subject\" \/><\/span>\n\t\t\t<\/p>\n\t\t<\/div>\n\t<\/div>\n\t<div class=\"col-12\">\n\t\t<div class=\"input-box text-area\">\n\t\t\t<p><span class=\"wpcf7-form-control-wrap\" data-name=\"your-message\"><textarea cols=\"40\" rows=\"10\" maxlength=\"2000\" class=\"wpcf7-form-control wpcf7-textarea\" aria-invalid=\"false\" placeholder=\"Votre Message\" name=\"your-message\"><\/textarea><\/span>\n\t\t\t<\/p>\n\t\t<\/div>\n\t<\/div>\n\t<div class=\"col-12\">\n\t\t<p><input class=\"wpcf7-form-control wpcf7-submit has-spinner\" type=\"submit\" value=\"Submit\" \/>\n\t\t<\/p>\n\t<\/div>\n<\/div><div class=\"wpcf7-response-output\" aria-hidden=\"true\"><\/div>\n<input type=\"hidden\" name=\"trp-form-language\" value=\"en\"\/><\/form>\n<\/div>\n<\/div>\t\t<\/div>\n\t\t\t\t<\/div>\n\t\t\t\t\t<\/div>\n\t\t<\/div>\n\t\t\t\t\t\t\t<\/div>\n\t\t<\/section>\n\t\t\t\t<section class=\"elementor-section elementor-inner-section elementor-element elementor-element-5ea177c3 elementor-section-boxed elementor-section-height-default elementor-section-height-default\" data-id=\"5ea177c3\" data-element_type=\"section\" data-settings=\"{&quot;background_background&quot;:&quot;classic&quot;}\">\n\t\t\t\t\t\t\t<div class=\"elementor-background-overlay\"><\/div>\n\t\t\t\t\t\t\t<div class=\"elementor-container elementor-column-gap-default\">\n\t\t\t\t\t<div class=\"elementor-column elementor-col-100 elementor-inner-column elementor-element elementor-element-64043990\" data-id=\"64043990\" data-element_type=\"column\">\n\t\t\t<div class=\"elementor-widget-wrap elementor-element-populated\">\n\t\t\t\t\t\t\t\t<div class=\"elementor-element elementor-element-680a730a elementor-widget elementor-widget-image\" data-id=\"680a730a\" data-element_type=\"widget\" data-widget_type=\"image.default\">\n\t\t\t\t<div class=\"elementor-widget-container\">\n\t\t\t<style>\/*! elementor - v3.10.0 - 09-01-2023 *\/\n.elementor-widget-image{text-align:center}.elementor-widget-image a{display:inline-block}.elementor-widget-image a img[src$=\".svg\"]{width:48px}.elementor-widget-image img{vertical-align:middle;display:inline-block}<\/style>\t\t\t\t\t\t\t\t\t\t\t\t<img loading=\"lazy\" decoding=\"async\" width=\"483\" height=\"438\" src=\"https:\/\/www.algo-partners.com\/wp-content\/uploads\/2023\/07\/logo_algo_white.png\" class=\"attachment-large size-large wp-image-5907\" alt=\"\" srcset=\"https:\/\/www.algo-partners.com\/wp-content\/uploads\/2023\/07\/logo_algo_white.png 483w, https:\/\/www.algo-partners.com\/wp-content\/uploads\/2023\/07\/logo_algo_white-300x272.png 300w, https:\/\/www.algo-partners.com\/wp-content\/uploads\/2023\/07\/logo_algo_white-13x12.png 13w\" sizes=\"auto, (max-width: 483px) 100vw, 483px\" \/>\t\t\t\t\t\t\t\t\t\t\t\t\t\t\t<\/div>\n\t\t\t\t<\/div>\n\t\t\t\t<div class=\"elementor-element elementor-element-f5fb255 elementor-widget elementor-widget-react-heading\" data-id=\"f5fb255\" data-element_type=\"widget\" data-widget_type=\"react-heading.default\">\n\t\t\t\t<div class=\"elementor-widget-container\">\n\t\t\t        <div class=\"react-heading default center\">\r\n        \t<div class=\"title-inner\">        \t\t      \t\t\r\n\t            <h2 class=\"title\"><span class=\"watermark\"><\/span>Contact us<\/h2>\t        <\/div>\r\n\t                    \t<div class=\"description\">\r\n            \t\t<p><strong>(+221) 77 652 22 07<\/strong><\/p><p><strong>(+33) 650 72 82 11\u00a0<\/strong><\/p><p><strong>(+91)\u00a0 98201 97710<\/strong><\/p>            \t\t\r\n            \t<\/div>\r\n        \t        <\/div>\r\n        \t\t<\/div>\n\t\t\t\t<\/div>\n\t\t\t\t\t<\/div>\n\t\t<\/div>\n\t\t\t\t\t\t\t<\/div>\n\t\t<\/section>\n\t\t\t\t\t<\/div>\n\t\t<\/div>\n\t\t\t\t\t\t\t<\/div>\n\t\t<\/section>\n\t\t\t\t\t\t\t<\/div>","protected":false},"excerpt":{"rendered":"<p>Celui qui pose des questions doit accepter de recevoir des r\u00e9ponses Proverbe camerounais Notre r\u00e9seau:&#8211; Plus de 120 agences de voyages et conciergerie en contact sur la Cote d&#8217;Ivoire, le S\u00e9n\u00e9gal, le Nig\u00e9ria, le Congo, la RDC, le Cameroun&#8211; La plupart des responsables des compagnies a\u00e9riennes pr\u00e9sentes en Cote d&#8217;Ivoire, au S\u00e9n\u00e9gal, au Congo, en&#8230;<\/p>","protected":false},"author":1,"featured_media":0,"parent":0,"menu_order":0,"comment_status":"closed","ping_status":"closed","template":"","meta":{"footnotes":""},"class_list":["post-989","page","type-page","status-publish","hentry"],"_links":{"self":[{"href":"https:\/\/www.algo-partners.com\/en\/wp-json\/wp\/v2\/pages\/989","targetHints":{"allow":["GET"]}}],"collection":[{"href":"https:\/\/www.algo-partners.com\/en\/wp-json\/wp\/v2\/pages"}],"about":[{"href":"https:\/\/www.algo-partners.com\/en\/wp-json\/wp\/v2\/types\/page"}],"author":[{"embeddable":true,"href":"https:\/\/www.algo-partners.com\/en\/wp-json\/wp\/v2\/users\/1"}],"replies":[{"embeddable":true,"href":"https:\/\/www.algo-partners.com\/en\/wp-json\/wp\/v2\/comments?post=989"}],"version-history":[{"count":10,"href":"https:\/\/www.algo-partners.com\/en\/wp-json\/wp\/v2\/pages\/989\/revisions"}],"predecessor-version":[{"id":6712,"href":"https:\/\/www.algo-partners.com\/en\/wp-json\/wp\/v2\/pages\/989\/revisions\/6712"}],"wp:attachment":[{"href":"https:\/\/www.algo-partners.com\/en\/wp-json\/wp\/v2\/media?parent=989"}],"curies":[{"name":"wp","href":"https:\/\/api.w.org\/{rel}","templated":true}]}}