{"id":5567,"date":"2023-04-05T18:10:47","date_gmt":"2023-04-05T16:10:47","guid":{"rendered":"https:\/\/www.algo-partners.com\/?page_id=5567"},"modified":"2025-02-06T10:03:56","modified_gmt":"2025-02-06T09:03:56","slug":"clients","status":"publish","type":"page","link":"https:\/\/www.algo-partners.com\/en\/clients\/","title":{"rendered":"Our Partners"},"content":{"rendered":"<div data-elementor-type=\"wp-page\" data-elementor-id=\"5567\" class=\"elementor elementor-5567\">\n\t\t\t\t\t\t\t\t\t<section class=\"elementor-section elementor-top-section elementor-element elementor-element-7dd9f6e1 elementor-section-boxed elementor-section-height-default elementor-section-height-default\" data-id=\"7dd9f6e1\" data-element_type=\"section\">\n\t\t\t\t\t\t<div class=\"elementor-container elementor-column-gap-default\">\n\t\t\t\t\t<div class=\"elementor-column elementor-col-66 elementor-top-column elementor-element elementor-element-206c9cd6\" data-id=\"206c9cd6\" data-element_type=\"column\">\n\t\t\t<div class=\"elementor-widget-wrap elementor-element-populated\">\n\t\t\t\t\t\t\t\t<section class=\"elementor-section elementor-inner-section elementor-element elementor-element-5ae5b08 elementor-section-boxed elementor-section-height-default elementor-section-height-default\" data-id=\"5ae5b08\" data-element_type=\"section\">\n\t\t\t\t\t\t<div class=\"elementor-container elementor-column-gap-default\">\n\t\t\t\t\t<div class=\"elementor-column elementor-col-50 elementor-inner-column elementor-element elementor-element-03228b6\" data-id=\"03228b6\" data-element_type=\"column\">\n\t\t\t<div class=\"elementor-widget-wrap elementor-element-populated\">\n\t\t\t\t\t\t\t\t<div class=\"elementor-element elementor-element-2ec71d4 elementor-position-top elementor-vertical-align-top elementor-widget elementor-widget-image-box\" data-id=\"2ec71d4\" data-element_type=\"widget\" data-widget_type=\"image-box.default\">\n\t\t\t\t<div class=\"elementor-widget-container\">\n\t\t\t<style>\/*! elementor - v3.10.0 - 09-01-2023 *\/\n.elementor-widget-image-box .elementor-image-box-content{width:100%}@media (min-width:768px){.elementor-widget-image-box.elementor-position-left .elementor-image-box-wrapper,.elementor-widget-image-box.elementor-position-right .elementor-image-box-wrapper{display:flex}.elementor-widget-image-box.elementor-position-right .elementor-image-box-wrapper{text-align:right;flex-direction:row-reverse}.elementor-widget-image-box.elementor-position-left .elementor-image-box-wrapper{text-align:left;flex-direction:row}.elementor-widget-image-box.elementor-position-top .elementor-image-box-img{margin:auto}.elementor-widget-image-box.elementor-vertical-align-top .elementor-image-box-wrapper{align-items:flex-start}.elementor-widget-image-box.elementor-vertical-align-middle .elementor-image-box-wrapper{align-items:center}.elementor-widget-image-box.elementor-vertical-align-bottom .elementor-image-box-wrapper{align-items:flex-end}}@media (max-width:767px){.elementor-widget-image-box .elementor-image-box-img{margin-left:auto!important;margin-right:auto!important;margin-bottom:15px}}.elementor-widget-image-box .elementor-image-box-img{display:inline-block}.elementor-widget-image-box .elementor-image-box-title a{color:inherit}.elementor-widget-image-box .elementor-image-box-wrapper{text-align:center}.elementor-widget-image-box .elementor-image-box-description{margin:0}<\/style><div class=\"elementor-image-box-wrapper\"><figure class=\"elementor-image-box-img\"><a href=\"https:\/\/www.galerieslafayette.com\/\" target=\"_blank\"><img loading=\"lazy\" decoding=\"async\" width=\"361\" height=\"193\" src=\"https:\/\/www.algo-partners.com\/wp-content\/uploads\/2023\/04\/lafayette-2.png\" class=\"attachment-full size-full wp-image-5617\" alt=\"\" srcset=\"https:\/\/www.algo-partners.com\/wp-content\/uploads\/2023\/04\/lafayette-2.png 361w, https:\/\/www.algo-partners.com\/wp-content\/uploads\/2023\/04\/lafayette-2-300x160.png 300w, https:\/\/www.algo-partners.com\/wp-content\/uploads\/2023\/04\/lafayette-2-18x10.png 18w\" sizes=\"auto, (max-width: 361px) 100vw, 361px\" \/><\/a><\/figure><div class=\"elementor-image-box-content\"><p class=\"elementor-image-box-description\">Le plus grand et le plus luxueux des grands magasins parisiens. On y trouve plus de 3500 marques, des restaurants et des ateliers de bien \u00eatre..\nLogo \u00e0 cliquer!<\/p><\/div><\/div>\t\t<\/div>\n\t\t\t\t<\/div>\n\t\t\t\t\t<\/div>\n\t\t<\/div>\n\t\t\t\t<div class=\"elementor-column elementor-col-50 elementor-inner-column elementor-element elementor-element-8d061ae\" data-id=\"8d061ae\" data-element_type=\"column\">\n\t\t\t<div class=\"elementor-widget-wrap elementor-element-populated\">\n\t\t\t\t\t\t\t\t<div class=\"elementor-element elementor-element-599fdaa elementor-position-top elementor-vertical-align-top elementor-widget elementor-widget-image-box\" data-id=\"599fdaa\" data-element_type=\"widget\" data-widget_type=\"image-box.default\">\n\t\t\t\t<div class=\"elementor-widget-container\">\n\t\t\t<div class=\"elementor-image-box-wrapper\"><figure class=\"elementor-image-box-img\"><a href=\"https:\/\/www.petitfute.com\/\" target=\"_blank\"><img loading=\"lazy\" decoding=\"async\" width=\"361\" height=\"193\" src=\"https:\/\/www.algo-partners.com\/wp-content\/uploads\/2023\/04\/logo_sur_blanc-1.jpg\" class=\"attachment-full size-full wp-image-5616\" alt=\"\" srcset=\"https:\/\/www.algo-partners.com\/wp-content\/uploads\/2023\/04\/logo_sur_blanc-1.jpg 361w, https:\/\/www.algo-partners.com\/wp-content\/uploads\/2023\/04\/logo_sur_blanc-1-300x160.jpg 300w, https:\/\/www.algo-partners.com\/wp-content\/uploads\/2023\/04\/logo_sur_blanc-1-18x10.jpg 18w\" sizes=\"auto, (max-width: 361px) 100vw, 361px\" \/><\/a><\/figure><div class=\"elementor-image-box-content\"><p class=\"elementor-image-box-description\">C'est la r\u00e9f\u00e9rence des guides de voyage imprim\u00e9s et online. ALGO &amp; Partners repr\u00e9sente les destinations S\u00e9n\u00e9gal, Bissau, Guin\u00e9e, Mauritanie et Gambie.\nLogo \u00e0 cliquer!<\/p><\/div><\/div>\t\t<\/div>\n\t\t\t\t<\/div>\n\t\t\t\t\t<\/div>\n\t\t<\/div>\n\t\t\t\t\t\t\t<\/div>\n\t\t<\/section>\n\t\t\t\t<section class=\"elementor-section elementor-inner-section elementor-element elementor-element-4dec728 elementor-section-boxed elementor-section-height-default elementor-section-height-default\" data-id=\"4dec728\" data-element_type=\"section\">\n\t\t\t\t\t\t<div class=\"elementor-container elementor-column-gap-default\">\n\t\t\t\t\t<div class=\"elementor-column elementor-col-50 elementor-inner-column elementor-element elementor-element-ee55eeb\" data-id=\"ee55eeb\" data-element_type=\"column\">\n\t\t\t<div class=\"elementor-widget-wrap elementor-element-populated\">\n\t\t\t\t\t\t\t\t<div class=\"elementor-element elementor-element-a9b8e81 elementor-position-top elementor-vertical-align-top elementor-widget elementor-widget-image-box\" data-id=\"a9b8e81\" data-element_type=\"widget\" data-widget_type=\"image-box.default\">\n\t\t\t\t<div class=\"elementor-widget-container\">\n\t\t\t<div class=\"elementor-image-box-wrapper\"><figure class=\"elementor-image-box-img\"><a href=\"https:\/\/en.hotelnapoleon.com\/\" target=\"_blank\"><img decoding=\"async\" src=\"https:\/\/www.algo-partners.com\/wp-content\/uploads\/elementor\/thumbs\/napoleon-2-q4n3dvguiaagbg2owdszzp66urixfc28qv6fu736gw.png\" title=\"napoleon-2\" alt=\"napoleon-2\" loading=\"lazy\" \/><\/a><\/figure><div class=\"elementor-image-box-content\"><p class=\"elementor-image-box-description\">L'h\u00f4tel Napol\u00e9on , 5 \u00e9toiles parisien, \u00e0 cot\u00e9 de l'Arc de Triomphe, offre une exp\u00e9rience exceptionnelle m\u00ealant l'histoire imp\u00e9riale \u00e0 des prestations de luxe. Logo \u00e0 cliquer!<\/p><\/div><\/div>\t\t<\/div>\n\t\t\t\t<\/div>\n\t\t\t\t\t<\/div>\n\t\t<\/div>\n\t\t\t\t<div class=\"elementor-column elementor-col-50 elementor-inner-column elementor-element elementor-element-5a856e3\" data-id=\"5a856e3\" data-element_type=\"column\">\n\t\t\t<div class=\"elementor-widget-wrap elementor-element-populated\">\n\t\t\t\t\t\t\t\t<div class=\"elementor-element elementor-element-5570d54 elementor-position-top elementor-vertical-align-top elementor-widget elementor-widget-image-box\" data-id=\"5570d54\" data-element_type=\"widget\" data-widget_type=\"image-box.default\">\n\t\t\t\t<div class=\"elementor-widget-container\">\n\t\t\t<div class=\"elementor-image-box-wrapper\"><figure class=\"elementor-image-box-img\"><a href=\"https:\/\/www.luxe-infinity.sn\/\" target=\"_blank\"><img decoding=\"async\" src=\"https:\/\/www.algo-partners.com\/wp-content\/uploads\/elementor\/thumbs\/luxe-q4px2w539by5vo8o4dn4zcqnoktwfl1wf85970uxs0.png\" title=\"luxe\" alt=\"luxe\" loading=\"lazy\" \/><\/a><\/figure><div class=\"elementor-image-box-content\"><p class=\"elementor-image-box-description\">Le magazine du luxe vient de lancer son guide en ligne sur l'Afrique. Trouver les plus belles adresses du luxe en Afrique et dans le monde.\nLogo \u00e0 cliquer!<\/p><\/div><\/div>\t\t<\/div>\n\t\t\t\t<\/div>\n\t\t\t\t\t<\/div>\n\t\t<\/div>\n\t\t\t\t\t\t\t<\/div>\n\t\t<\/section>\n\t\t\t\t<section class=\"elementor-section elementor-inner-section elementor-element elementor-element-9bf7b71 elementor-section-boxed elementor-section-height-default elementor-section-height-default\" data-id=\"9bf7b71\" data-element_type=\"section\">\n\t\t\t\t\t\t<div class=\"elementor-container elementor-column-gap-default\">\n\t\t\t\t\t<div class=\"elementor-column elementor-col-50 elementor-inner-column elementor-element elementor-element-36e32ac\" data-id=\"36e32ac\" data-element_type=\"column\">\n\t\t\t<div class=\"elementor-widget-wrap elementor-element-populated\">\n\t\t\t\t\t\t\t\t<div class=\"elementor-element elementor-element-36536d3 elementor-position-top elementor-vertical-align-top elementor-widget elementor-widget-image-box\" data-id=\"36536d3\" data-element_type=\"widget\" data-widget_type=\"image-box.default\">\n\t\t\t\t<div class=\"elementor-widget-container\">\n\t\t\t<div class=\"elementor-image-box-wrapper\"><figure class=\"elementor-image-box-img\"><a href=\"https:\/\/www.air-et-sante.fr\/\" target=\"_blank\"><img loading=\"lazy\" decoding=\"async\" width=\"337\" height=\"415\" src=\"https:\/\/www.algo-partners.com\/wp-content\/uploads\/2024\/06\/Capture-decran-2024-06-02-235235.png\" class=\"attachment-full size-full wp-image-6602\" alt=\"\" srcset=\"https:\/\/www.algo-partners.com\/wp-content\/uploads\/2024\/06\/Capture-decran-2024-06-02-235235.png 337w, https:\/\/www.algo-partners.com\/wp-content\/uploads\/2024\/06\/Capture-decran-2024-06-02-235235-244x300.png 244w, https:\/\/www.algo-partners.com\/wp-content\/uploads\/2024\/06\/Capture-decran-2024-06-02-235235-10x12.png 10w\" sizes=\"auto, (max-width: 337px) 100vw, 337px\" \/><\/a><\/figure><div class=\"elementor-image-box-content\"><p class=\"elementor-image-box-description\">Producteur des c\u00e9l\u00e8bres \u00e9missions s\u00e9n\u00e9galaises CONFIDENCE, \nNE ICI VIVRE AILLEURS, \nINSTANT T.. Logo \u00e0 cliquer!<\/p><\/div><\/div>\t\t<\/div>\n\t\t\t\t<\/div>\n\t\t\t\t\t<\/div>\n\t\t<\/div>\n\t\t\t\t<div class=\"elementor-column elementor-col-50 elementor-inner-column elementor-element elementor-element-8980451\" data-id=\"8980451\" data-element_type=\"column\">\n\t\t\t<div class=\"elementor-widget-wrap elementor-element-populated\">\n\t\t\t\t\t\t\t\t<div class=\"elementor-element elementor-element-4248702 elementor-position-top elementor-vertical-align-top elementor-widget elementor-widget-image-box\" data-id=\"4248702\" data-element_type=\"widget\" data-widget_type=\"image-box.default\">\n\t\t\t\t<div class=\"elementor-widget-container\">\n\t\t\t<div class=\"elementor-image-box-wrapper\"><figure class=\"elementor-image-box-img\"><a href=\"https:\/\/www.visitezlesenegal.com\/\" target=\"_blank\"><img loading=\"lazy\" decoding=\"async\" width=\"1920\" height=\"960\" src=\"https:\/\/www.algo-partners.com\/wp-content\/uploads\/2023\/07\/destination-senegal.png\" class=\"attachment-full size-full wp-image-6219\" alt=\"\" srcset=\"https:\/\/www.algo-partners.com\/wp-content\/uploads\/2023\/07\/destination-senegal.png 1920w, https:\/\/www.algo-partners.com\/wp-content\/uploads\/2023\/07\/destination-senegal-300x150.png 300w, https:\/\/www.algo-partners.com\/wp-content\/uploads\/2023\/07\/destination-senegal-1024x512.png 1024w, https:\/\/www.algo-partners.com\/wp-content\/uploads\/2023\/07\/destination-senegal-768x384.png 768w, https:\/\/www.algo-partners.com\/wp-content\/uploads\/2023\/07\/destination-senegal-1536x768.png 1536w, https:\/\/www.algo-partners.com\/wp-content\/uploads\/2023\/07\/destination-senegal-18x9.png 18w\" sizes=\"auto, (max-width: 1920px) 100vw, 1920px\" \/><\/a><\/figure><div class=\"elementor-image-box-content\"><p class=\"elementor-image-box-description\">Mise en valeur des atouts touristiques du S\u00e9n\u00e9gal afin d'attirer les visiteurs internationaux et de soutenir le d\u00e9veloppement \u00e9conomique li\u00e9 au tourisme.\nLogo \u00e0 cliquer!<\/p><\/div><\/div>\t\t<\/div>\n\t\t\t\t<\/div>\n\t\t\t\t\t<\/div>\n\t\t<\/div>\n\t\t\t\t\t\t\t<\/div>\n\t\t<\/section>\n\t\t\t\t<section class=\"elementor-section elementor-inner-section elementor-element elementor-element-120307a elementor-section-boxed elementor-section-height-default elementor-section-height-default\" data-id=\"120307a\" data-element_type=\"section\">\n\t\t\t\t\t\t<div class=\"elementor-container elementor-column-gap-default\">\n\t\t\t\t\t<div class=\"elementor-column elementor-col-50 elementor-inner-column elementor-element elementor-element-6f7d043\" data-id=\"6f7d043\" data-element_type=\"column\">\n\t\t\t<div class=\"elementor-widget-wrap elementor-element-populated\">\n\t\t\t\t\t\t\t\t<div class=\"elementor-element elementor-element-bf8c4d8 elementor-position-top elementor-vertical-align-top elementor-widget elementor-widget-image-box\" data-id=\"bf8c4d8\" data-element_type=\"widget\" data-widget_type=\"image-box.default\">\n\t\t\t\t<div class=\"elementor-widget-container\">\n\t\t\t<div class=\"elementor-image-box-wrapper\"><figure class=\"elementor-image-box-img\"><a href=\"https:\/\/www.concours-sesame.net\/\" target=\"_blank\"><img loading=\"lazy\" decoding=\"async\" width=\"288\" height=\"108\" src=\"https:\/\/www.algo-partners.com\/wp-content\/uploads\/2024\/10\/Logo-Concours-Sesame.png\" class=\"attachment-full size-full wp-image-6618\" alt=\"\" srcset=\"https:\/\/www.algo-partners.com\/wp-content\/uploads\/2024\/10\/Logo-Concours-Sesame.png 288w, https:\/\/www.algo-partners.com\/wp-content\/uploads\/2024\/10\/Logo-Concours-Sesame-18x7.png 18w\" sizes=\"auto, (max-width: 288px) 100vw, 288px\" \/><\/a><\/figure><div class=\"elementor-image-box-content\"><p class=\"elementor-image-box-description\">Concours Sesame cible les bacheliers reconnus par l'Etat Francais pour les orienter vers les grandes \u00e9coles de commerce. Logo \u00e0 cliquer!<\/p><\/div><\/div>\t\t<\/div>\n\t\t\t\t<\/div>\n\t\t\t\t\t<\/div>\n\t\t<\/div>\n\t\t\t\t<div class=\"elementor-column elementor-col-50 elementor-inner-column elementor-element elementor-element-867d0ea\" data-id=\"867d0ea\" data-element_type=\"column\">\n\t\t\t<div class=\"elementor-widget-wrap elementor-element-populated\">\n\t\t\t\t\t\t\t\t<div class=\"elementor-element elementor-element-e917440 elementor-position-top elementor-vertical-align-top elementor-widget elementor-widget-image-box\" data-id=\"e917440\" data-element_type=\"widget\" data-widget_type=\"image-box.default\">\n\t\t\t\t<div class=\"elementor-widget-container\">\n\t\t\t<div class=\"elementor-image-box-wrapper\"><figure class=\"elementor-image-box-img\"><a href=\"https:\/\/www.gasi-international.com\/\" target=\"_blank\"><img loading=\"lazy\" decoding=\"async\" width=\"1112\" height=\"962\" src=\"https:\/\/www.algo-partners.com\/wp-content\/uploads\/2025\/02\/logo-gasi.png\" class=\"attachment-full size-full wp-image-6695\" alt=\"\" srcset=\"https:\/\/www.algo-partners.com\/wp-content\/uploads\/2025\/02\/logo-gasi.png 1112w, https:\/\/www.algo-partners.com\/wp-content\/uploads\/2025\/02\/logo-gasi-300x260.png 300w, https:\/\/www.algo-partners.com\/wp-content\/uploads\/2025\/02\/logo-gasi-1024x886.png 1024w, https:\/\/www.algo-partners.com\/wp-content\/uploads\/2025\/02\/logo-gasi-768x664.png 768w, https:\/\/www.algo-partners.com\/wp-content\/uploads\/2025\/02\/logo-gasi-14x12.png 14w\" sizes=\"auto, (max-width: 1112px) 100vw, 1112px\" \/><\/a><\/figure><div class=\"elementor-image-box-content\"><p class=\"elementor-image-box-description\">Gasi International offre un service accueil VIP et transferts dans 46 a\u00e9roports en Afrique, Moyen-Orient et Europe. Canal B2B agences &amp; corporates. Logo \u00e0 cliquer!<\/p><\/div><\/div>\t\t<\/div>\n\t\t\t\t<\/div>\n\t\t\t\t\t<\/div>\n\t\t<\/div>\n\t\t\t\t\t\t\t<\/div>\n\t\t<\/section>\n\t\t\t\t<div class=\"elementor-element elementor-element-554de54 elementor-widget elementor-widget-text-editor\" data-id=\"554de54\" data-element_type=\"widget\" data-widget_type=\"text-editor.default\">\n\t\t\t\t<div class=\"elementor-widget-container\">\n\t\t\t<style>\/*! elementor - v3.10.0 - 09-01-2023 *\/\n.elementor-widget-text-editor.elementor-drop-cap-view-stacked .elementor-drop-cap{background-color:#818a91;color:#fff}.elementor-widget-text-editor.elementor-drop-cap-view-framed .elementor-drop-cap{color:#818a91;border:3px solid;background-color:transparent}.elementor-widget-text-editor:not(.elementor-drop-cap-view-default) .elementor-drop-cap{margin-top:8px}.elementor-widget-text-editor:not(.elementor-drop-cap-view-default) .elementor-drop-cap-letter{width:1em;height:1em}.elementor-widget-text-editor .elementor-drop-cap{float:left;text-align:center;line-height:1;font-size:50px}.elementor-widget-text-editor .elementor-drop-cap-letter{display:inline-block}<\/style>\t\t\t\t\t\t\t\t\t\t<\/div>\n\t\t\t\t<\/div>\n\t\t\t\t\t<\/div>\n\t\t<\/div>\n\t\t\t\t<div class=\"elementor-column elementor-col-33 elementor-top-column elementor-element elementor-element-4df3a605\" data-id=\"4df3a605\" data-element_type=\"column\">\n\t\t\t<div class=\"elementor-widget-wrap elementor-element-populated\">\n\t\t\t\t\t\t\t\t<section class=\"elementor-section elementor-inner-section elementor-element elementor-element-5ea177c3 elementor-section-boxed elementor-section-height-default elementor-section-height-default\" data-id=\"5ea177c3\" data-element_type=\"section\" data-settings=\"{&quot;background_background&quot;:&quot;classic&quot;}\">\n\t\t\t\t\t\t\t<div class=\"elementor-background-overlay\"><\/div>\n\t\t\t\t\t\t\t<div class=\"elementor-container elementor-column-gap-default\">\n\t\t\t\t\t<div class=\"elementor-column elementor-col-100 elementor-inner-column elementor-element elementor-element-64043990\" data-id=\"64043990\" data-element_type=\"column\">\n\t\t\t<div class=\"elementor-widget-wrap elementor-element-populated\">\n\t\t\t\t\t\t\t\t<div class=\"elementor-element elementor-element-680a730a elementor-widget elementor-widget-image\" data-id=\"680a730a\" data-element_type=\"widget\" data-widget_type=\"image.default\">\n\t\t\t\t<div class=\"elementor-widget-container\">\n\t\t\t<style>\/*! elementor - v3.10.0 - 09-01-2023 *\/\n.elementor-widget-image{text-align:center}.elementor-widget-image a{display:inline-block}.elementor-widget-image a img[src$=\".svg\"]{width:48px}.elementor-widget-image img{vertical-align:middle;display:inline-block}<\/style>\t\t\t\t\t\t\t\t\t\t\t\t<img loading=\"lazy\" decoding=\"async\" width=\"483\" height=\"438\" src=\"https:\/\/www.algo-partners.com\/wp-content\/uploads\/2023\/07\/logo_algo_white.png\" class=\"attachment-large size-large wp-image-5907\" alt=\"\" srcset=\"https:\/\/www.algo-partners.com\/wp-content\/uploads\/2023\/07\/logo_algo_white.png 483w, https:\/\/www.algo-partners.com\/wp-content\/uploads\/2023\/07\/logo_algo_white-300x272.png 300w, https:\/\/www.algo-partners.com\/wp-content\/uploads\/2023\/07\/logo_algo_white-13x12.png 13w\" sizes=\"auto, (max-width: 483px) 100vw, 483px\" \/>\t\t\t\t\t\t\t\t\t\t\t\t\t\t\t<\/div>\n\t\t\t\t<\/div>\n\t\t\t\t<div class=\"elementor-element elementor-element-f5fb255 elementor-widget elementor-widget-react-heading\" data-id=\"f5fb255\" data-element_type=\"widget\" data-widget_type=\"react-heading.default\">\n\t\t\t\t<div class=\"elementor-widget-container\">\n\t\t\t        <div class=\"react-heading default center\">\r\n        \t<div class=\"title-inner\">        \t\t      \t\t\r\n\t            <h2 class=\"title\"><span class=\"watermark\"><\/span>Contact us<\/h2>\t        <\/div>\r\n\t                    \t<div class=\"description\">\r\n            \t\t<p><strong>(+221) 77 652 22 07<\/strong><\/p><p><strong>(+33) 650 72 82 11\u00a0<\/strong><\/p><p>\u00a0<\/p>            \t\t\r\n            \t<\/div>\r\n        \t        <\/div>\r\n        \t\t<\/div>\n\t\t\t\t<\/div>\n\t\t\t\t\t<\/div>\n\t\t<\/div>\n\t\t\t\t\t\t\t<\/div>\n\t\t<\/section>\n\t\t\t\t\t<\/div>\n\t\t<\/div>\n\t\t\t\t\t\t\t<\/div>\n\t\t<\/section>\n\t\t\t\t<section class=\"elementor-section elementor-top-section elementor-element elementor-element-93985de elementor-section-boxed elementor-section-height-default elementor-section-height-default\" data-id=\"93985de\" data-element_type=\"section\">\n\t\t\t\t\t\t<div class=\"elementor-container elementor-column-gap-default\">\n\t\t\t\t\t<div class=\"elementor-column elementor-col-100 elementor-top-column elementor-element elementor-element-589375b\" data-id=\"589375b\" data-element_type=\"column\">\n\t\t\t<div class=\"elementor-widget-wrap elementor-element-populated\">\n\t\t\t\t\t\t\t\t<div class=\"elementor-element elementor-element-7683eb7 elementor-widget elementor-widget-text-editor\" data-id=\"7683eb7\" data-element_type=\"widget\" data-widget_type=\"text-editor.default\">\n\t\t\t\t<div class=\"elementor-widget-container\">\n\t\t\t\t\t\t\t\t\t\t\t\t\t<\/div>\n\t\t\t\t<\/div>\n\t\t\t\t\t<\/div>\n\t\t<\/div>\n\t\t\t\t\t\t\t<\/div>\n\t\t<\/section>\n\t\t\t\t\t\t\t<\/div>","protected":false},"excerpt":{"rendered":"<p>Le plus grand et le plus luxueux des grands magasins parisiens. On y trouve plus de 3500 marques, des restaurants et des ateliers de bien \u00eatre.. Logo \u00e0 cliquer! C&#8217;est la r\u00e9f\u00e9rence des guides de voyage imprim\u00e9s et online. ALGO &amp; Partners repr\u00e9sente les destinations S\u00e9n\u00e9gal, Bissau, Guin\u00e9e, Mauritanie et Gambie. Logo \u00e0 cliquer! L&#8217;h\u00f4tel&#8230;<\/p>","protected":false},"author":1,"featured_media":0,"parent":0,"menu_order":0,"comment_status":"closed","ping_status":"closed","template":"","meta":{"footnotes":""},"class_list":["post-5567","page","type-page","status-publish","hentry"],"_links":{"self":[{"href":"https:\/\/www.algo-partners.com\/en\/wp-json\/wp\/v2\/pages\/5567","targetHints":{"allow":["GET"]}}],"collection":[{"href":"https:\/\/www.algo-partners.com\/en\/wp-json\/wp\/v2\/pages"}],"about":[{"href":"https:\/\/www.algo-partners.com\/en\/wp-json\/wp\/v2\/types\/page"}],"author":[{"embeddable":true,"href":"https:\/\/www.algo-partners.com\/en\/wp-json\/wp\/v2\/users\/1"}],"replies":[{"embeddable":true,"href":"https:\/\/www.algo-partners.com\/en\/wp-json\/wp\/v2\/comments?post=5567"}],"version-history":[{"count":10,"href":"https:\/\/www.algo-partners.com\/en\/wp-json\/wp\/v2\/pages\/5567\/revisions"}],"predecessor-version":[{"id":6702,"href":"https:\/\/www.algo-partners.com\/en\/wp-json\/wp\/v2\/pages\/5567\/revisions\/6702"}],"wp:attachment":[{"href":"https:\/\/www.algo-partners.com\/en\/wp-json\/wp\/v2\/media?parent=5567"}],"curies":[{"name":"wp","href":"https:\/\/api.w.org\/{rel}","templated":true}]}}