{"id":19,"date":"2022-02-07T11:14:51","date_gmt":"2022-02-07T11:14:51","guid":{"rendered":"http:\/\/localhost\/finanix\/?page_id=19"},"modified":"2025-01-12T01:56:24","modified_gmt":"2025-01-12T00:56:24","slug":"contact","status":"publish","type":"page","link":"https:\/\/www.algo-partners.com\/en\/contact\/","title":{"rendered":"Contact us"},"content":{"rendered":"<div data-elementor-type=\"wp-page\" data-elementor-id=\"19\" class=\"elementor elementor-19\">\n\t\t\t\t\t\t\t\t\t<section class=\"elementor-section elementor-top-section elementor-element elementor-element-ed9a495 elementor-section-content-middle elementor-section-boxed elementor-section-height-default elementor-section-height-default\" data-id=\"ed9a495\" data-element_type=\"section\">\n\t\t\t\t\t\t<div class=\"elementor-container elementor-column-gap-default\">\n\t\t\t\t\t<div class=\"elementor-column elementor-col-50 elementor-top-column elementor-element elementor-element-ed105b9\" data-id=\"ed105b9\" data-element_type=\"column\" data-settings=\"{&quot;background_background&quot;:&quot;classic&quot;}\">\n\t\t\t<div class=\"elementor-widget-wrap elementor-element-populated\">\n\t\t\t\t\t\t\t\t<div class=\"elementor-element elementor-element-7e09b7a elementor-widget elementor-widget-rt-service-grid\" data-id=\"7e09b7a\" data-element_type=\"widget\" data-widget_type=\"rt-service-grid.default\">\n\t\t\t\t<div class=\"elementor-widget-container\">\n\t\t\t<div class=\"react-addon-services services-style1\">\r\n    <div class=\"services-part\">\r\n    \t\t\t    \t\t       \r\n\t    <div class=\"services-text style5\">\r\n\t    \t\t\t    \t<div class=\"services-title\">\t\r\n\t\t    \t\t\t\t    \t\t\t\t    \t\t\t<h2 class=\"title\"> ALGO &amp; Partners<\/h2>\r\n\t\t    \t\t\t\t\t\t    \t\t\r\n\t\t    \t<\/div>\r\n\t    \t\t\r\n\r\n\t    \t\t    \t\t<p class=\"services-txt\">  <b>Office Africa:<\/b>\nR\u00e9sidence Natangu\u00e9 Sud, Saly Portudal, M'bour, 23002, S\u00e9n\u00e9gal\nNINEA 010043975<br>SN.MBR.2023.1.263\ninfo@algo-partners.com         \nTel. +221 77 652 22 07<\/p>\t\r\n\t    \t\t\r\n\r\n\t    \t\r\n\t    <\/div>\r\n\t<\/div>\r\n<\/div>\t\t<\/div>\n\t\t\t\t<\/div>\n\t\t\t\t\t<\/div>\n\t\t<\/div>\n\t\t\t\t<div class=\"elementor-column elementor-col-50 elementor-top-column elementor-element elementor-element-61bc5c5\" data-id=\"61bc5c5\" data-element_type=\"column\">\n\t\t\t<div class=\"elementor-widget-wrap elementor-element-populated\">\n\t\t\t\t\t\t\t\t<div class=\"elementor-element elementor-element-59dfc29 elementor-widget elementor-widget-react-heading\" data-id=\"59dfc29\" data-element_type=\"widget\" data-widget_type=\"react-heading.default\">\n\t\t\t\t<div class=\"elementor-widget-container\">\n\t\t\t        <div class=\"react-heading default\">\r\n        \t<div class=\"title-inner\">        \t\t      \t\t\r\n\t            <span class=\"sub-text\">Write to us<\/span><h2 class=\"title\"><span class=\"watermark\"><\/span>Connection:<\/h2>\t        <\/div>\r\n\t                <\/div>\r\n        \t\t<\/div>\n\t\t\t\t<\/div>\n\t\t\t\t<div class=\"elementor-element elementor-element-2743363 elementor-hidden-desktop elementor-hidden-tablet elementor-hidden-mobile elementor-widget elementor-widget-rt-cf7\" data-id=\"2743363\" data-element_type=\"widget\" data-widget_type=\"rt-cf7.default\">\n\t\t\t\t<div class=\"elementor-widget-container\">\n\t\t\t<div class=\"form_btn_\">\n<div class=\"wpcf7 no-js\" id=\"wpcf7-f2530-o1\" lang=\"en-US\" dir=\"ltr\" data-wpcf7-id=\"2530\">\n<div class=\"screen-reader-response\"><p role=\"status\" aria-live=\"polite\" aria-atomic=\"true\"><\/p> <ul><\/ul><\/div>\n<form action=\"\/en\/wp-json\/wp\/v2\/pages\/19#wpcf7-f2530-o1\" method=\"post\" class=\"wpcf7-form init\" aria-label=\"Contact form\" novalidate=\"novalidate\" data-status=\"init\" data-trp-original-action=\"\/en\/wp-json\/wp\/v2\/pages\/19#wpcf7-f2530-o1\">\n<div style=\"display: none;\">\n<input type=\"hidden\" name=\"_wpcf7\" value=\"2530\" \/>\n<input type=\"hidden\" name=\"_wpcf7_version\" value=\"6.0.2\" \/>\n<input type=\"hidden\" name=\"_wpcf7_locale\" value=\"en_US\" \/>\n<input type=\"hidden\" name=\"_wpcf7_unit_tag\" value=\"wpcf7-f2530-o1\" \/>\n<input type=\"hidden\" name=\"_wpcf7_container_post\" value=\"0\" \/>\n<input type=\"hidden\" name=\"_wpcf7_posted_data_hash\" value=\"\" \/>\n<\/div>\n<div class=\"row contact-form\">\n\t<div class=\"col-lg-6 col-md-6\">\n\t\t<div class=\"input-box\">\n\t\t\t<p><span class=\"wpcf7-form-control-wrap\" data-name=\"your-name\"><input size=\"40\" maxlength=\"400\" class=\"wpcf7-form-control wpcf7-text wpcf7-validates-as-required\" aria-required=\"true\" aria-invalid=\"false\" placeholder=\"Your Name\" value=\"\" type=\"text\" name=\"your-name\" \/><\/span>\n\t\t\t<\/p>\n\t\t<\/div>\n\t<\/div>\n\t<div class=\"col-lg-6 col-md-6\">\n\t\t<div class=\"input-box mail\">\n\t\t\t<p><span class=\"wpcf7-form-control-wrap\" data-name=\"your-email\"><input size=\"40\" maxlength=\"400\" class=\"wpcf7-form-control wpcf7-email wpcf7-validates-as-required wpcf7-text wpcf7-validates-as-email\" aria-required=\"true\" aria-invalid=\"false\" placeholder=\"Email Address\" value=\"\" type=\"email\" name=\"your-email\" \/><\/span>\n\t\t\t<\/p>\n\t\t<\/div>\n\t<\/div>\n\t<div class=\"col-lg-6 col-md-12\">\n\t\t<div class=\"input-box subject\">\n\t\t\t<p><span class=\"wpcf7-form-control-wrap\" data-name=\"your-subject\"><input size=\"40\" maxlength=\"400\" class=\"wpcf7-form-control wpcf7-text wpcf7-validates-as-required\" aria-required=\"true\" aria-invalid=\"false\" placeholder=\"Subject\" value=\"\" type=\"text\" name=\"your-subject\" \/><\/span>\n\t\t\t<\/p>\n\t\t<\/div>\n\t<\/div>\n\t<div class=\"col-12\">\n\t\t<div class=\"input-box text-area\">\n\t\t\t<p><span class=\"wpcf7-form-control-wrap\" data-name=\"your-message\"><textarea cols=\"40\" rows=\"10\" maxlength=\"2000\" class=\"wpcf7-form-control wpcf7-textarea\" aria-invalid=\"false\" placeholder=\"Message\" name=\"your-message\"><\/textarea><\/span>\n\t\t\t<\/p>\n\t\t<\/div>\n\t<\/div>\n\t<div class=\"col-12\">\n\t\t<p><input class=\"wpcf7-form-control wpcf7-submit has-spinner\" type=\"submit\" value=\"Submit\" \/>\n\t\t<\/p>\n\t<\/div>\n<\/div><div class=\"wpcf7-response-output\" aria-hidden=\"true\"><\/div>\n<input type=\"hidden\" name=\"trp-form-language\" value=\"en\"\/><\/form>\n<\/div>\n<\/div>\t\t<\/div>\n\t\t\t\t<\/div>\n\t\t\t\t\t<\/div>\n\t\t<\/div>\n\t\t\t\t\t\t\t<\/div>\n\t\t<\/section>\n\t\t\t\t<section class=\"elementor-section elementor-top-section elementor-element elementor-element-a8dc22f elementor-section-full_width elementor-section-stretched elementor-section-height-default elementor-section-height-default\" data-id=\"a8dc22f\" data-element_type=\"section\" data-settings=\"{&quot;stretch_section&quot;:&quot;section-stretched&quot;}\">\n\t\t\t\t\t\t<div class=\"elementor-container elementor-column-gap-default\">\n\t\t\t\t\t<div class=\"elementor-column elementor-col-100 elementor-top-column elementor-element elementor-element-9318637\" data-id=\"9318637\" data-element_type=\"column\">\n\t\t\t<div class=\"elementor-widget-wrap elementor-element-populated\">\n\t\t\t\t\t\t\t\t<section class=\"elementor-section elementor-inner-section elementor-element elementor-element-0f7c3d5 elementor-section-boxed elementor-section-height-default elementor-section-height-default\" data-id=\"0f7c3d5\" data-element_type=\"section\">\n\t\t\t\t\t\t<div class=\"elementor-container elementor-column-gap-extended\">\n\t\t\t\t\t<div class=\"elementor-column elementor-col-33 elementor-inner-column elementor-element elementor-element-506cb5e\" data-id=\"506cb5e\" data-element_type=\"column\">\n\t\t\t<div class=\"elementor-widget-wrap elementor-element-populated\">\n\t\t\t\t\t\t\t\t<div class=\"elementor-element elementor-element-071a2eb elementor-widget elementor-widget-image\" data-id=\"071a2eb\" data-element_type=\"widget\" data-widget_type=\"image.default\">\n\t\t\t\t<div class=\"elementor-widget-container\">\n\t\t\t<style>\/*! elementor - v3.10.0 - 09-01-2023 *\/\n.elementor-widget-image{text-align:center}.elementor-widget-image a{display:inline-block}.elementor-widget-image a img[src$=\".svg\"]{width:48px}.elementor-widget-image img{vertical-align:middle;display:inline-block}<\/style>\t\t\t\t\t\t\t\t\t\t\t\t<img loading=\"lazy\" decoding=\"async\" width=\"160\" height=\"223\" src=\"https:\/\/www.algo-partners.com\/wp-content\/uploads\/2023\/07\/Capture-decran-2023-07-09-152441.png\" class=\"attachment-full size-full wp-image-5960\" alt=\"\" srcset=\"https:\/\/www.algo-partners.com\/wp-content\/uploads\/2023\/07\/Capture-decran-2023-07-09-152441.png 160w, https:\/\/www.algo-partners.com\/wp-content\/uploads\/2023\/07\/Capture-decran-2023-07-09-152441-9x12.png 9w\" sizes=\"auto, (max-width: 160px) 100vw, 160px\" \/>\t\t\t\t\t\t\t\t\t\t\t\t\t\t\t<\/div>\n\t\t\t\t<\/div>\n\t\t\t\t<div class=\"elementor-element elementor-element-0db07bd elementor-widget elementor-widget-rt-service-grid\" data-id=\"0db07bd\" data-element_type=\"widget\" data-widget_type=\"rt-service-grid.default\">\n\t\t\t\t<div class=\"elementor-widget-container\">\n\t\t\t<div class=\"react-addon-services services-style1\">\r\n    <div class=\"services-part\">\r\n    \t\t\t    \t\t       \r\n\t    <div class=\"services-text style5\">\r\n\t    \t\t\t    \t<div class=\"services-title\">\t\r\n\t\t    \t\t\t\t    \t\t\t\t    \t\t\t<h2 class=\"title\"> Alexis DARNE<\/h2>\r\n\t\t    \t\t\t\t\t\t    \t\t\r\n\t\t    \t<\/div>\r\n\t    \t\t\r\n\r\n\t    \t\t    \t\t<p class=\"services-txt\">  Fondateur de ALGO &amp; Partners, il a une bonne connaissance des acteurs du tourisme en Afrique. Il a \u00e9t\u00e9 responsable commercial Afrique, Inde et Moyen-Orient chez RAIL EUROPE, ainsi que directeur du B2B myGO \u00e0 Oman. \nEn parall\u00e8le de ALGO, il dirige l'agence de voyage TRAVEL BABOAB au S\u00e9n\u00e9gal. Enfin, son exp\u00e9rience africaine a \u00e9t\u00e9 marqu\u00e9e par son poste de directeur de l'embl\u00e9matique  ROYAM HOTEL \u00e0 Saly. Alexis a mont\u00e9 son \u00e9quipe avec le gout du challenge.\n<\/p>\t\r\n\t    \t\t\r\n\r\n\t    \t\r\n\t\t    \t<div class=\"services-btn-part\">\r\n\t\t    \t\t\t\t    \t\t\r\n\t    \t\t\t<a class=\"services-btn icon-after\" href=\"https:\/\/www.linkedin.com\/in\/alexis-darne-035a8815\/\" target=\"_blank\">\r\n\r\n\t    \t\t\t\t<span class=\"btn_text\">\r\n\t    \t\t\t\t\tLinkedin Alexis    \t\t\t\t\t\t\r\n\t    \t\t\t\t<\/span>\r\n\t    \t\t\t\t\r\n\r\n\t    \t\t\t\t<i class=\"fal fa-long-arrow-right\"><\/i>\r\n\t    \t\t  \r\n\t    \t\t\t<\/a>\t    \t\t    \t\t\r\n\t\t    \t\t\r\n\t\t    \t<\/div>\r\n\t    \t\r\n\t    <\/div>\r\n\t<\/div>\r\n<\/div>\t\t<\/div>\n\t\t\t\t<\/div>\n\t\t\t\t\t<\/div>\n\t\t<\/div>\n\t\t\t\t<div class=\"elementor-column elementor-col-33 elementor-inner-column elementor-element elementor-element-41b80e3\" data-id=\"41b80e3\" data-element_type=\"column\">\n\t\t\t<div class=\"elementor-widget-wrap\">\n\t\t\t\t\t\t\t\t\t<\/div>\n\t\t<\/div>\n\t\t\t\t<div class=\"elementor-column elementor-col-33 elementor-inner-column elementor-element elementor-element-92633b8\" data-id=\"92633b8\" data-element_type=\"column\">\n\t\t\t<div class=\"elementor-widget-wrap elementor-element-populated\">\n\t\t\t\t\t\t\t\t<div class=\"elementor-element elementor-element-14cd380 elementor-widget elementor-widget-rt-service-grid\" data-id=\"14cd380\" data-element_type=\"widget\" data-widget_type=\"rt-service-grid.default\">\n\t\t\t\t<div class=\"elementor-widget-container\">\n\t\t\t<div class=\"react-addon-services services-style1\">\r\n    <div class=\"services-part\">\r\n    \t\t\t    \t\t       \r\n\t    <div class=\"services-text style5\">\r\n\t    \t\t\r\n\r\n\t    \t\t\r\n\r\n\t    \t\r\n\t    <\/div>\r\n\t<\/div>\r\n<\/div>\t\t<\/div>\n\t\t\t\t<\/div>\n\t\t\t\t\t<\/div>\n\t\t<\/div>\n\t\t\t\t\t\t\t<\/div>\n\t\t<\/section>\n\t\t\t\t<div class=\"elementor-element elementor-element-3688909 elementor-widget elementor-widget-google_maps\" data-id=\"3688909\" data-element_type=\"widget\" data-widget_type=\"google_maps.default\">\n\t\t\t\t<div class=\"elementor-widget-container\">\n\t\t\t<style>\/*! elementor - v3.10.0 - 09-01-2023 *\/\n.elementor-widget-google_maps .elementor-widget-container{overflow:hidden}.elementor-widget-google_maps iframe{height:300px}<\/style>\t\t<div class=\"elementor-custom-embed\">\n\t\t\t<iframe loading=\"lazy\"\n\t\t\t\t\tsrc=\"https:\/\/maps.google.com\/maps?q=Saly%20portudal&#038;t=m&#038;z=14&#038;output=embed&#038;iwloc=near\"\n\t\t\t\t\ttitle=\"Saly portudal\"\n\t\t\t\t\taria-label=\"Saly portudal\"\n\t\t\t><\/iframe>\n\t\t<\/div>\n\t\t\t\t<\/div>\n\t\t\t\t<\/div>\n\t\t\t\t\t<\/div>\n\t\t<\/div>\n\t\t\t\t\t\t\t<\/div>\n\t\t<\/section>\n\t\t\t\t<section class=\"elementor-section elementor-top-section elementor-element elementor-element-88e70c2 elementor-section-full_width elementor-section-stretched elementor-section-height-default elementor-section-height-default\" data-id=\"88e70c2\" data-element_type=\"section\" data-settings=\"{&quot;stretch_section&quot;:&quot;section-stretched&quot;}\">\n\t\t\t\t\t\t<div class=\"elementor-container elementor-column-gap-default\">\n\t\t\t\t\t<div class=\"elementor-column elementor-col-100 elementor-top-column elementor-element elementor-element-ecbe6ae\" data-id=\"ecbe6ae\" data-element_type=\"column\">\n\t\t\t<div class=\"elementor-widget-wrap elementor-element-populated\">\n\t\t\t\t\t\t\t\t<div class=\"elementor-element elementor-element-ffa1df3 elementor-widget elementor-widget-google_maps\" data-id=\"ffa1df3\" data-element_type=\"widget\" data-widget_type=\"google_maps.default\">\n\t\t\t\t<div class=\"elementor-widget-container\">\n\t\t\t\t\t<div class=\"elementor-custom-embed\">\n\t\t\t<iframe loading=\"lazy\"\n\t\t\t\t\tsrc=\"https:\/\/maps.google.com\/maps?q=Mumbai&#038;t=m&#038;z=14&#038;output=embed&#038;iwloc=near\"\n\t\t\t\t\ttitle=\"Mumbai\"\n\t\t\t\t\taria-label=\"Mumbai\"\n\t\t\t><\/iframe>\n\t\t<\/div>\n\t\t\t\t<\/div>\n\t\t\t\t<\/div>\n\t\t\t\t\t<\/div>\n\t\t<\/div>\n\t\t\t\t\t\t\t<\/div>\n\t\t<\/section>\n\t\t\t\t\t\t\t<\/div>","protected":false},"excerpt":{"rendered":"<p>ALGO &amp; Partners Bureau Afrique: R\u00e9sidence Natangu\u00e9 Sud, Saly Portudal, M&#8217;bour, 23002, S\u00e9n\u00e9gal NINEA 010043975SN.MBR.2023.1.263 info@algo-partners.com Tel. +221 77 652 22 07 Nous \u00e9crire Mise en relation: Alexis DARNE Fondateur de ALGO &amp; Partners, il a une bonne connaissance des acteurs du tourisme en Afrique. Il a \u00e9t\u00e9 responsable commercial Afrique, Inde et Moyen-Orient chez&#8230;<\/p>","protected":false},"author":1,"featured_media":0,"parent":0,"menu_order":0,"comment_status":"closed","ping_status":"closed","template":"","meta":{"footnotes":""},"class_list":["post-19","page","type-page","status-publish","hentry"],"_links":{"self":[{"href":"https:\/\/www.algo-partners.com\/en\/wp-json\/wp\/v2\/pages\/19","targetHints":{"allow":["GET"]}}],"collection":[{"href":"https:\/\/www.algo-partners.com\/en\/wp-json\/wp\/v2\/pages"}],"about":[{"href":"https:\/\/www.algo-partners.com\/en\/wp-json\/wp\/v2\/types\/page"}],"author":[{"embeddable":true,"href":"https:\/\/www.algo-partners.com\/en\/wp-json\/wp\/v2\/users\/1"}],"replies":[{"embeddable":true,"href":"https:\/\/www.algo-partners.com\/en\/wp-json\/wp\/v2\/comments?post=19"}],"version-history":[{"count":10,"href":"https:\/\/www.algo-partners.com\/en\/wp-json\/wp\/v2\/pages\/19\/revisions"}],"predecessor-version":[{"id":6693,"href":"https:\/\/www.algo-partners.com\/en\/wp-json\/wp\/v2\/pages\/19\/revisions\/6693"}],"wp:attachment":[{"href":"https:\/\/www.algo-partners.com\/en\/wp-json\/wp\/v2\/media?parent=19"}],"curies":[{"name":"wp","href":"https:\/\/api.w.org\/{rel}","templated":true}]}}